

{"id":13,"date":"2015-10-14T06:50:19","date_gmt":"2015-10-14T06:50:19","guid":{"rendered":"http:\/\/www.consultores-europeos.es\/co15\/?page_id=13"},"modified":"2022-09-23T16:32:00","modified_gmt":"2022-09-23T16:32:00","slug":"contacto","status":"publish","type":"page","link":"https:\/\/www.consultores-europeos.com\/co15\/contacto\/","title":{"rendered":"Contacto"},"content":{"rendered":"<h1>Consultores Asesores Europeos SL<\/h1>\n<h4>Asesoramiento y Consultor\u00eda<\/h4>\n<p>Direcci\u00f3n: Calle Colombia, 55. Local izquierdo. 28016 Madrid<\/p>\n<p>Tel\u00e9fono: <span class=\"verde\">91 302 07 04<\/span><\/p>\n<p>Horario: 8:30 a 15:00 y 16:00 a 18:00. Viernes de 8:00 a 15:00<\/p>\n\n\n\t\t\t\t<div id=\"map_ol3js_1\" class=\"map undefined\" data-map_name=\"undefined\" data-map=\"map_ol3js_1\" style=\"width:100%; max-width:100%; height:450px; display:block; overflow:hidden;border:2px solid grey;\" >\n\t\t\t\t  <div id=\"map_ol3js_1_popup\" class=\"ol-popup\" >\n\t\t\t\t\t<a href=\"#\" id=\"map_ol3js_1_popup-closer\" class=\"ol-popup-closer\"><\/a>\n\t\t\t\t\t<div id=\"map_ol3js_1_popup-content\" ><\/div>\n\t\t\t\t  <\/div>\n\t\t\t\t<\/div>\n\t\t\t\n\n\t\t\t\t<script type=\"text\/javascript\">\n\t\t\t\t\ttranslations['openlayer'] = \"open layer\";\n\t\t\t\t\ttranslations['openlayerAtStartup'] = \"open layer at startup\";\n\t\t\t\t\ttranslations['generateLink'] = \"link to this map with opened layers\";\n\t\t\t\t\ttranslations['shortDescription'] = \"short description\";\n\t\t\t\t\ttranslations['generatedShortCode'] = \"to get a text control link paste this code in your wordpress editor\";\n\t\t\t\t\ttranslations['closeLayer'] = \"close layer\";\n\t\t\t\t\ttranslations['cantGenerateLink'] = \"put this string in the existing map short code to control this map\";\n\t\t\t  <\/script>\n\n\n\t\t\t  <script type=\"text\/javascript\">\n\t\t\t  vectorM['map_ol3js_1'] = [];\n\t        \n        var raster = getTileLayer(\"osm\",\"NoKey\");\t\t\t\n\n\t\t\t  var map_ol3js_1 = new ol.Map({\n\t\t\t\tinteractions: ol.interaction.defaults.defaults({mouseWheelZoom:false}),\n\t\t\t\tlayers: [raster],\n\t\t\t\ttarget: \"map_ol3js_1\",\n\t\t\t\tview: new ol.View({\n\t\t\t\t  center: ol.proj.transform([-3.6696,40.4578], \"EPSG:4326\", \"EPSG:3857\"),\n\t\t\t\t  zoom: 15\n\t\t\t\t})\n\t\t\t  });\n\t\t\t  osm_addMarkerLayer(map_ol3js_1,-3.6697,40.4575,\"https:\/\/www.consultores-europeos.com\/co15\/wp-content\/plugins\/osm\/icons\/mic_black_empty_01.png\",-16,-41,\"<p><\/p>\") ; \naddControls2Map(map_ol3js_1,1,0,3,1,5,6,7,1,1);\nosm_addPopupClickhandler(map_ol3js_1,  \"map_ol3js_1\"); \nosm_addMouseHover(map_ol3js_1); <\/script>\n\n\n<p><\/p>\n","protected":false},"excerpt":{"rendered":"<p>Consultores Asesores Europeos SL Asesoramiento y Consultor\u00eda Direcci\u00f3n: Calle Colombia, 55. Local izquierdo. 28016 Madrid Tel\u00e9fono: 91 302 07 04 Horario: 8:30 a 15:00 y 16:00 a 18:00. Viernes de 8:00 a 15:00<\/p>\n","protected":false},"author":1,"featured_media":0,"parent":0,"menu_order":0,"comment_status":"closed","ping_status":"closed","template":"page-templates\/contact.php","meta":{"footnotes":""},"class_list":["post-13","page","type-page","status-publish","hentry"],"_links":{"self":[{"href":"https:\/\/www.consultores-europeos.com\/co15\/wp-json\/wp\/v2\/pages\/13","targetHints":{"allow":["GET"]}}],"collection":[{"href":"https:\/\/www.consultores-europeos.com\/co15\/wp-json\/wp\/v2\/pages"}],"about":[{"href":"https:\/\/www.consultores-europeos.com\/co15\/wp-json\/wp\/v2\/types\/page"}],"author":[{"embeddable":true,"href":"https:\/\/www.consultores-europeos.com\/co15\/wp-json\/wp\/v2\/users\/1"}],"replies":[{"embeddable":true,"href":"https:\/\/www.consultores-europeos.com\/co15\/wp-json\/wp\/v2\/comments?post=13"}],"version-history":[{"count":32,"href":"https:\/\/www.consultores-europeos.com\/co15\/wp-json\/wp\/v2\/pages\/13\/revisions"}],"predecessor-version":[{"id":324,"href":"https:\/\/www.consultores-europeos.com\/co15\/wp-json\/wp\/v2\/pages\/13\/revisions\/324"}],"wp:attachment":[{"href":"https:\/\/www.consultores-europeos.com\/co15\/wp-json\/wp\/v2\/media?parent=13"}],"curies":[{"name":"wp","href":"https:\/\/api.w.org\/{rel}","templated":true}]}}