{"id":15,"date":"2015-10-14T06:50:51","date_gmt":"2015-10-14T06:50:51","guid":{"rendered":"http:\/\/www.consultores-europeos.es\/co15\/?page_id=15"},"modified":"2018-12-12T16:35:45","modified_gmt":"2018-12-12T16:35:45","slug":"fiscal-y-contable","status":"publish","type":"page","link":"https:\/\/www.consultores-europeos.com\/co15\/fiscal-y-contable\/","title":{"rendered":"Fiscal y contable"},"content":{"rendered":"<p><img loading=\"lazy\" decoding=\"async\" class=\"wp-image-51 size-medium\" src=\"https:\/\/www.consultores-europeos.com\/co15\/wp-content\/uploads\/2015\/10\/Contable-e1445622362263-181x300.jpg\" alt=\"Foto de Ana, nuestra contable.\" width=\"181\" height=\"300\" \/><\/p>\n<div id=\"texto_departamentos\">\n<p align=\"justify\">Mi nombre es Ana Boto, soy licenciada en Ciencias Empresariales.<\/p>\n<p align=\"justify\">Asesoramos a nuestros clientes, analizando la marcha de su negocio y en especial en lo relativo a la planificaci\u00f3n y reducci\u00f3n de riesgos en el \u00e1mbito fiscal.<\/p>\n<p align=\"justify\">Para ello, nos encargamos de todas las gestiones de naturaleza fiscal y contable, y en particular de las siguientes:<\/p>\n<ul>\n<li>\n<p  align=\"justify\">Sociedades:<\/p>\n<ul>\n<li>\n<p align=\"justify\">Elaboraci\u00f3n de la contabilidad.<\/p>\n<\/li>\n<li>\n<p align=\"justify\">Confecci\u00f3n y presentaci\u00f3n de las declaraciones tributarias.<\/p>\n<\/li>\n<li>\n<p align=\"justify\">Legalizaci\u00f3n de libros oficiales.<\/p>\n<\/li>\n<li>\n<p align=\"justify\">Elaboraci\u00f3n y presentaci\u00f3n de Cuentas Anuales en el Registro Mercantil.<\/p>\n<\/li>\n<\/ul>\n<\/li>\n<li>\n<p  align=\"justify\">Empresarios y profesionales:<\/p>\n<ul>\n<li>\n<p align=\"justify\">Elaboraci\u00f3n de los libros registro de Ingresos y Gastos.<\/p>\n<\/li>\n<li>\n<p align=\"justify\">Confecci\u00f3n y presentaci\u00f3n de las declaraciones tributarias trimestrales y declaraci\u00f3n de Renta anual.<\/p>\n<\/li>\n<\/ul>\n<\/li>\n<li>\n<p align=\"justify\">Particulares:<\/p>\n<ul>\n<li>\n<p align=\"justify\">Confecci\u00f3n y presentaci\u00f3n de la declaraci\u00f3n de renta anual. <\/p>\n<\/li>\n<li>\n<p align=\"justify\">Confecci\u00f3n y presentaci\u00f3n de las declaraciones de bienes en el extranjero. <\/p>\n<\/li>\n<\/ul>\n<\/li>\n<\/ul>\n<p align=\"justify\"><b>En todos los casos, representaci\u00f3n ante la Agencia Tributaria, en comprobaciones de gesti\u00f3n e inspecci\u00f3n tributaria. <\/b><\/p>\n<\/div>\n<p><!--Fin id=\"texto_departamentos\"--><\/p>\n","protected":false},"excerpt":{"rendered":"<p>Mi nombre es Ana Boto, soy licenciada en Ciencias Empresariales. Asesoramos a nuestros clientes, analizando la marcha de su negocio y en especial en lo relativo a la planificaci\u00f3n y reducci\u00f3n de riesgos en el \u00e1mbito fiscal. Para ello, nos<\/p>\n","protected":false},"author":1,"featured_media":51,"parent":0,"menu_order":0,"comment_status":"closed","ping_status":"closed","template":"","meta":{"footnotes":""},"class_list":["post-15","page","type-page","status-publish","has-post-thumbnail","hentry"],"_links":{"self":[{"href":"https:\/\/www.consultores-europeos.com\/co15\/wp-json\/wp\/v2\/pages\/15","targetHints":{"allow":["GET"]}}],"collection":[{"href":"https:\/\/www.consultores-europeos.com\/co15\/wp-json\/wp\/v2\/pages"}],"about":[{"href":"https:\/\/www.consultores-europeos.com\/co15\/wp-json\/wp\/v2\/types\/page"}],"author":[{"embeddable":true,"href":"https:\/\/www.consultores-europeos.com\/co15\/wp-json\/wp\/v2\/users\/1"}],"replies":[{"embeddable":true,"href":"https:\/\/www.consultores-europeos.com\/co15\/wp-json\/wp\/v2\/comments?post=15"}],"version-history":[{"count":29,"href":"https:\/\/www.consultores-europeos.com\/co15\/wp-json\/wp\/v2\/pages\/15\/revisions"}],"predecessor-version":[{"id":233,"href":"https:\/\/www.consultores-europeos.com\/co15\/wp-json\/wp\/v2\/pages\/15\/revisions\/233"}],"wp:featuredmedia":[{"embeddable":true,"href":"https:\/\/www.consultores-europeos.com\/co15\/wp-json\/wp\/v2\/media\/51"}],"wp:attachment":[{"href":"https:\/\/www.consultores-europeos.com\/co15\/wp-json\/wp\/v2\/media?parent=15"}],"curies":[{"name":"wp","href":"https:\/\/api.w.org\/{rel}","templated":true}]}}