{"id":17,"date":"2015-10-14T06:51:18","date_gmt":"2015-10-14T06:51:18","guid":{"rendered":"http:\/\/www.consultores-europeos.es\/co15\/?page_id=17"},"modified":"2018-12-12T16:39:44","modified_gmt":"2018-12-12T16:39:44","slug":"laboral","status":"publish","type":"page","link":"https:\/\/www.consultores-europeos.com\/co15\/laboral\/","title":{"rendered":"Laboral"},"content":{"rendered":"<p><img loading=\"lazy\" decoding=\"async\" class=\"alignnone wp-image-53 size-medium\" src=\"https:\/\/www.consultores-europeos.com\/co15\/wp-content\/uploads\/2015\/10\/Laboral-e1445622657657-181x300.jpg\" alt=\"Foto de Beatriz, una de nuestras abogadas.\" width=\"181\" height=\"300\" \/><\/p>\n<div id=\"texto_departamentos\">\n<p  align=\"justify\">Mi nombre es Beatriz Zamorano. Soy Licenciada en Derecho y Graduada Social.<\/p>\n<p  align=\"justify\">Nos encargamos de asesorar a nuestros clientes de forma individual y personalizada en todos los \u00e1mbitos del derecho de trabajo y de la Seguridad Social, principalmente en las relaciones con sus empleados as\u00ed como con los diversos organismos o instituciones implicadas. (Seguridad Social, INEM, AEAT, Inspecci\u00f3n de Trabajo)<\/p>\n<p >En particular podemos ayudarle en:<\/p>\n<ul>\n<li>\n<p >Personal contratado<\/p>\n<ul>\n<li>\n<p >Asesoramiento en la contrataci\u00f3n y el despido.<\/p>\n<\/li>\n<li>\n<p >Confecci\u00f3n de n\u00f3minas, seguros sociales y liquidaci\u00f3n de retenciones.<\/p>\n<\/li>\n<li>\n<p >Tramitaci\u00f3n de partes de accidente de trabajo y bajas por enfermedad com\u00fan.<\/p>\n<\/li>\n<\/ul>\n<\/li>\n<li>\n<p >Aut\u00f3nomos<\/p>\n<\/li>\n<li>\n<p >Empleados de hogar<\/p>\n<\/li>\n<li>\n<p >Pensiones<\/p>\n<\/li>\n<\/ul>\n<\/div>\n<p><!--Fin de id=\"texto_departamentos\"--><\/p>\n","protected":false},"excerpt":{"rendered":"<p>Mi nombre es Beatriz Zamorano. Soy Licenciada en Derecho y Graduada Social. Nos encargamos de asesorar a nuestros clientes de forma individual y personalizada en todos los \u00e1mbitos del derecho de trabajo y de la Seguridad Social, principalmente en las<\/p>\n","protected":false},"author":1,"featured_media":53,"parent":0,"menu_order":0,"comment_status":"closed","ping_status":"closed","template":"","meta":{"footnotes":""},"class_list":["post-17","page","type-page","status-publish","has-post-thumbnail","hentry"],"_links":{"self":[{"href":"https:\/\/www.consultores-europeos.com\/co15\/wp-json\/wp\/v2\/pages\/17","targetHints":{"allow":["GET"]}}],"collection":[{"href":"https:\/\/www.consultores-europeos.com\/co15\/wp-json\/wp\/v2\/pages"}],"about":[{"href":"https:\/\/www.consultores-europeos.com\/co15\/wp-json\/wp\/v2\/types\/page"}],"author":[{"embeddable":true,"href":"https:\/\/www.consultores-europeos.com\/co15\/wp-json\/wp\/v2\/users\/1"}],"replies":[{"embeddable":true,"href":"https:\/\/www.consultores-europeos.com\/co15\/wp-json\/wp\/v2\/comments?post=17"}],"version-history":[{"count":12,"href":"https:\/\/www.consultores-europeos.com\/co15\/wp-json\/wp\/v2\/pages\/17\/revisions"}],"predecessor-version":[{"id":236,"href":"https:\/\/www.consultores-europeos.com\/co15\/wp-json\/wp\/v2\/pages\/17\/revisions\/236"}],"wp:featuredmedia":[{"embeddable":true,"href":"https:\/\/www.consultores-europeos.com\/co15\/wp-json\/wp\/v2\/media\/53"}],"wp:attachment":[{"href":"https:\/\/www.consultores-europeos.com\/co15\/wp-json\/wp\/v2\/media?parent=17"}],"curies":[{"name":"wp","href":"https:\/\/api.w.org\/{rel}","templated":true}]}}