{"id":19,"date":"2015-10-14T06:51:43","date_gmt":"2015-10-14T06:51:43","guid":{"rendered":"http:\/\/www.consultores-europeos.es\/co15\/?page_id=19"},"modified":"2018-12-12T16:39:06","modified_gmt":"2018-12-12T16:39:06","slug":"juridico","status":"publish","type":"page","link":"https:\/\/www.consultores-europeos.com\/co15\/juridico\/","title":{"rendered":"Jur\u00eddico"},"content":{"rendered":"<p><img loading=\"lazy\" decoding=\"async\" class=\"wp-image-52 size-medium aligncenter\" src=\"https:\/\/www.consultores-europeos.com\/co15\/wp-content\/uploads\/2015\/10\/Juridico-181x300.jpg\" alt=\"Foto de Mar\u00eda del Carmen, una de nuestras abogadas.\" width=\"181\" height=\"300\" srcset=\"https:\/\/www.consultores-europeos.com\/co15\/wp-content\/uploads\/2015\/10\/Juridico-181x300.jpg 181w, https:\/\/www.consultores-europeos.com\/co15\/wp-content\/uploads\/2015\/10\/Juridico.jpg 602w\" sizes=\"auto, (max-width: 181px) 100vw, 181px\" \/><\/p>\n<div id=\"texto_departamentos\">\n<p align=\"justify\">Mi nombre es Mar\u00eda del Carmen Lucas, soy licenciada en Derecho por la Universidad Complutense de Madrid y como estudios de postgrado realic\u00e9 un Master en Asesor\u00eda Fiscal y Tributaci\u00f3n.<\/p>\n<p align=\"justify\">Estamos especializados en derecho mercantil, tributario-fiscal y civil, centrando nuestra actividad en el asesoramiento y gesti\u00f3n en estas \u00e1reas y a t\u00edtulo de ejemplo podr\u00edamos destacar las siguientes:<\/p>\n<ul>\n<li>\n<p align=\"justify\">Sociedades mercantiles:<\/p>\n<ul>\n<li>\n<p align=\"justify\">Constituci\u00f3n de sociedades mercantiles personalizada y puesta en marcha.<\/p>\n<\/li>\n<li>\n<p align=\"justify\">Cualquier tipo de modificaci\u00f3n de las mismas: denominaci\u00f3n, domicilio, objeto, \u00f3rgano de administraci\u00f3n, ampliaci\u00f3n y reducci\u00f3n de capital, disoluci\u00f3n y liquidaci\u00f3n.<\/p>\n<\/li>\n<\/ul>\n<\/li>\n<li>\n<p>Herencias y donaciones<\/p>\n<\/li>\n<li>\n<p align=\"justify\">Contratos de arrendamiento, arras, compraventa, pr\u00e9stamos, transferencias de veh\u00edculos.<\/p>\n<\/li>\n<\/ul>\n<p align=\"justify\"><b>Todo ello siempre, con estudio de la fiscalidad de la operaci\u00f3n y la tramitaci\u00f3n ante los organismos pertinentes. <\/b><\/p>\n<p align=\"justify\">\n<\/div>\n<p><!--Fin de id=\"texto_departamentos\"--><\/p>\n","protected":false},"excerpt":{"rendered":"<p>Mi nombre es Mar\u00eda del Carmen Lucas, soy licenciada en Derecho por la Universidad Complutense de Madrid y como estudios de postgrado realic\u00e9 un Master en Asesor\u00eda Fiscal y Tributaci\u00f3n. Estamos especializados en derecho mercantil, tributario-fiscal y civil, centrando nuestra<\/p>\n","protected":false},"author":1,"featured_media":52,"parent":0,"menu_order":0,"comment_status":"closed","ping_status":"closed","template":"","meta":{"footnotes":""},"class_list":["post-19","page","type-page","status-publish","has-post-thumbnail","hentry"],"_links":{"self":[{"href":"https:\/\/www.consultores-europeos.com\/co15\/wp-json\/wp\/v2\/pages\/19","targetHints":{"allow":["GET"]}}],"collection":[{"href":"https:\/\/www.consultores-europeos.com\/co15\/wp-json\/wp\/v2\/pages"}],"about":[{"href":"https:\/\/www.consultores-europeos.com\/co15\/wp-json\/wp\/v2\/types\/page"}],"author":[{"embeddable":true,"href":"https:\/\/www.consultores-europeos.com\/co15\/wp-json\/wp\/v2\/users\/1"}],"replies":[{"embeddable":true,"href":"https:\/\/www.consultores-europeos.com\/co15\/wp-json\/wp\/v2\/comments?post=19"}],"version-history":[{"count":23,"href":"https:\/\/www.consultores-europeos.com\/co15\/wp-json\/wp\/v2\/pages\/19\/revisions"}],"predecessor-version":[{"id":235,"href":"https:\/\/www.consultores-europeos.com\/co15\/wp-json\/wp\/v2\/pages\/19\/revisions\/235"}],"wp:featuredmedia":[{"embeddable":true,"href":"https:\/\/www.consultores-europeos.com\/co15\/wp-json\/wp\/v2\/media\/52"}],"wp:attachment":[{"href":"https:\/\/www.consultores-europeos.com\/co15\/wp-json\/wp\/v2\/media?parent=19"}],"curies":[{"name":"wp","href":"https:\/\/api.w.org\/{rel}","templated":true}]}}