{"id":6,"date":"2015-10-14T06:44:00","date_gmt":"2015-10-14T06:44:00","guid":{"rendered":"http:\/\/www.consultores-europeos.es\/co15\/?page_id=6"},"modified":"2023-04-10T08:48:38","modified_gmt":"2023-04-10T08:48:38","slug":"inicio","status":"publish","type":"page","link":"https:\/\/www.consultores-europeos.com\/co15\/","title":{"rendered":"Inicio"},"content":{"rendered":"<h1 style=\"text-align: center;line-height: 56px;\">Asesoramiento, gesti\u00f3n y tramitaci\u00f3n fiscal, contable, laboral y mercantil<\/h1>\n<aside id=\"aj_consejos\" class=\"widget\">\n<h3 class=\"widget-title\"><span>Informaci\u00f3n de Inter\u00e9s<\/span><\/h3>\n<ul>\n<li>\n\t\t\tLa <b>congruencia<\/b> entre las declaraciones anuales de IVA, Sociedades o Renta, y 347 de una empresa, reduce la probabilidad de inspecci\u00f3n a porcentajes inferiores al 1%.<\/li>\n<li>\n\t\t\t\u00bfConoce la posibilidad de que los <b>No Residentes<\/b> beneficiarios de una <b>herencia<\/b> puedan reclamar a la administraci\u00f3n la aplicaci\u00f3n de la bonificaci\u00f3n del 99%, si el causante resid\u00eda en la Comunidad de Madrid?<\/li>\n<li>\n\t\t\t\u00bfSabe usted que es posible <b>capitalizar la prestaci\u00f3n de desempleo<\/b> pendiente de percibir, en el caso de iniciar una actividad?<\/li>\n<li>\n\t\t\t\u00bfAplica en su sociedad los incentivos fiscales del <b>r\u00e9gimen de empresas de reducida dimensi\u00f3n<\/b> del Impuesto de Sociedades?<\/li>\n<li>\n\t\t\t\u00bfConoce la obligaci\u00f3n de informar de los <b>bienes y derechos<\/b> que pueda tener en el <b>extranjero<\/b>, cuyo valor exceda de 50.000 \u20ac y la grave consecuencia de no hacerlo?<\/li>\n<\/ul>\n<\/aside>\n<div id=\"menu_bajo\" style=\"margin: 0 auto;\">\n<section id=\"spacious_call_to_action_widget-4\" class=\"widget widget_call_to_action clearfix\">\n<div class=\"call-to-action-content-wrapper clearfix\">\n<div class=\"call-to-action-content\"><\/div>\n<p><a class=\"call-to-action-button\" href=\"https:\/\/www.consultores-europeos.com\/co15\/quienes-somos\/\" title=\"Quienes somos\">Quienes somos<\/a><\/p>\n<\/div>\n<\/section>\n<section id=\"spacious_call_to_action_widget-5\" class=\"widget widget_call_to_action clearfix\">\n<div class=\"call-to-action-content-wrapper clearfix\">\n<div class=\"call-to-action-content\"><\/div>\n<p><a class=\"call-to-action-button\" href=\"https:\/\/www.consultores-europeos.com\/co15\/fiscal-y-contable\/\" title=\"Fiscal y Contable\">Fiscal y Contable<\/a><\/p>\n<\/div>\n<\/section>\n<section id=\"spacious_call_to_action_widget-6\" class=\"widget widget_call_to_action clearfix\">\n<div class=\"call-to-action-content-wrapper clearfix\">\n<div class=\"call-to-action-content\"><\/div>\n<p><a class=\"call-to-action-button\" href=\"https:\/\/www.consultores-europeos.com\/co15\/juridico\/\" title=\"Jur\u00eddico\">Jur\u00eddico<\/a><\/p>\n<\/div>\n<\/section>\n<section id=\"spacious_call_to_action_widget-7\" class=\"widget widget_call_to_action clearfix\">\n<div class=\"call-to-action-content-wrapper clearfix\">\n<div class=\"call-to-action-content\"><\/div>\n<p><a class=\"call-to-action-button\" href=\"https:\/\/www.consultores-europeos.com\/co15\/laboral\/\" title=\"Laboral\">Laboral<\/a><\/p>\n<\/div>\n<\/section>\n<\/div>\n","protected":false},"excerpt":{"rendered":"<p>Asesoramiento, gesti\u00f3n y tramitaci\u00f3n fiscal, contable, laboral y mercantil Informaci\u00f3n de Inter\u00e9s La congruencia entre las declaraciones anuales de IVA, Sociedades o Renta, y 347 de una empresa, reduce la probabilidad de inspecci\u00f3n a porcentajes inferiores al 1%. \u00bfConoce la<\/p>\n","protected":false},"author":1,"featured_media":0,"parent":0,"menu_order":0,"comment_status":"closed","ping_status":"closed","template":"page-templates\/nosotros-template.php","meta":{"footnotes":""},"class_list":["post-6","page","type-page","status-publish","hentry"],"_links":{"self":[{"href":"https:\/\/www.consultores-europeos.com\/co15\/wp-json\/wp\/v2\/pages\/6","targetHints":{"allow":["GET"]}}],"collection":[{"href":"https:\/\/www.consultores-europeos.com\/co15\/wp-json\/wp\/v2\/pages"}],"about":[{"href":"https:\/\/www.consultores-europeos.com\/co15\/wp-json\/wp\/v2\/types\/page"}],"author":[{"embeddable":true,"href":"https:\/\/www.consultores-europeos.com\/co15\/wp-json\/wp\/v2\/users\/1"}],"replies":[{"embeddable":true,"href":"https:\/\/www.consultores-europeos.com\/co15\/wp-json\/wp\/v2\/comments?post=6"}],"version-history":[{"count":18,"href":"https:\/\/www.consultores-europeos.com\/co15\/wp-json\/wp\/v2\/pages\/6\/revisions"}],"predecessor-version":[{"id":334,"href":"https:\/\/www.consultores-europeos.com\/co15\/wp-json\/wp\/v2\/pages\/6\/revisions\/334"}],"wp:attachment":[{"href":"https:\/\/www.consultores-europeos.com\/co15\/wp-json\/wp\/v2\/media?parent=6"}],"curies":[{"name":"wp","href":"https:\/\/api.w.org\/{rel}","templated":true}]}}