{"id":8,"date":"2015-10-14T06:44:32","date_gmt":"2015-10-14T06:44:32","guid":{"rendered":"http:\/\/www.consultores-europeos.es\/co15\/?page_id=8"},"modified":"2018-12-12T18:24:00","modified_gmt":"2018-12-12T18:24:00","slug":"quienes-somos","status":"publish","type":"page","link":"https:\/\/www.consultores-europeos.com\/co15\/quienes-somos\/","title":{"rendered":"Quienes somos"},"content":{"rendered":"<p><img loading=\"lazy\" decoding=\"async\" class=\"size-medium wp-image-71 alignleft\" src=\"https:\/\/www.consultores-europeos.com\/co15\/wp-content\/uploads\/2015\/10\/Director-192x300.jpg\" alt=\"Foto de Andrea Savini, protegida con \u00a9 Tel. 00 34 607 666 240 \/ 00 34 918 031 647 Web: www.andreasavini.com \/ mail: info@andreasavini.com\" width=\"192\" height=\"300\" srcset=\"https:\/\/www.consultores-europeos.com\/co15\/wp-content\/uploads\/2015\/10\/Director-192x300.jpg 192w, https:\/\/www.consultores-europeos.com\/co15\/wp-content\/uploads\/2015\/10\/Director.jpg 639w\" sizes=\"auto, (max-width: 192px) 100vw, 192px\" \/><\/p>\n<div id=\"texto_agustin\">\n<h2>CAE HOY<\/h2>\n<p>Nuestro equipo hoy en d\u00eda re\u00fane dos virtudes principales, <b>cualificaci\u00f3n<\/b>, todos los t\u00e9cnicos somos titulados superiores y <b>estabilidad<\/b>, trabajamos juntos desde hace muchos a\u00f1os.<\/p>\n<p>Esta estructura, integrada actualmente por 9 personas, nos permite ofrecer a nuestros clientes, no s\u00f3lo un asesoramiento integral en las \u00e1reas contable, fiscal, laboral y mercantil, de su empresa o actividad profesional, sino tambi\u00e9n resolver con eficacia aspectos colaterales o de \u00edndole personal, como la redacci\u00f3n de un contrato de alquiler o de pr\u00e9stamo, la tramitaci\u00f3n de una herencia, la solicitud de una pensi\u00f3n de jubilaci\u00f3n o la transferencia de un veh\u00edculo, por citar las m\u00e1s habituales.<\/p>\n<p>Estar\u00edamos encantados de trabajar para usted y le invito a que contacte con nosotros por el medio que desee y solicite referencias de nuestros clientes actuales.<\/p>\n<p>Agust\u00edn P\u00e9rez<\/p>\n<p>Director<\/p>\n<\/div>\n<p><!--Fin id=\"texto_agustin\"--><\/p>\n<p style=\"height: 20px;\">\n<p><img loading=\"lazy\" decoding=\"async\" class=\"alignright size-medium wp-image-54\" src=\"https:\/\/www.consultores-europeos.com\/co15\/wp-content\/uploads\/2015\/10\/Presentacion-196x300.jpg\" alt=\"Presentacion\" width=\"196\" height=\"300\" srcset=\"https:\/\/www.consultores-europeos.com\/co15\/wp-content\/uploads\/2015\/10\/Presentacion-196x300.jpg 196w, https:\/\/www.consultores-europeos.com\/co15\/wp-content\/uploads\/2015\/10\/Presentacion.jpg 653w\" sizes=\"auto, (max-width: 196px) 100vw, 196px\" \/><\/p>\n<div id=\"texto_jesus\">\n<h2>SOBRE NOSOTROS<\/h2>\n<p>Consultores Asesores Europeos, S. L. se constituye en el a\u00f1o 1978, por un grupo de profesionales altamente cualificados, que provienen del mundo empresarial, para atender las necesidades de la peque\u00f1a y mediana empresa en el campo de la gesti\u00f3n y administraci\u00f3n empresarial. Desde su fundaci\u00f3n hemos cuidado la fidelizaci\u00f3n de nuestros clientes con una atenci\u00f3n exquisita, atendiendo sus problemas desde el punto de vista empresarial y dando soluciones satisfactorias a sus demandas. Podemos decir con orgullo que tenemos clientes con una antig\u00fcedad de m\u00e1s de 30 a\u00f1os e incluso que, negocios transmitidos de padres a hijos siguen siendo clientes.<\/p>\n<p>Nuestro mayor activo es el personal con muy peque\u00f1a rotaci\u00f3n y una cualificaci\u00f3n excelente que se complementa con una formaci\u00f3n continua y permanente.<\/p>\n<p>Jes\u00fas Lucas Aparicio<\/p>\n<p>Socio Fundador<\/p>\n<\/div>\n<p><!--Fin id=\"texto_jesus\"--><\/p>\n","protected":false},"excerpt":{"rendered":"<p>CAE HOY Nuestro equipo hoy en d\u00eda re\u00fane dos virtudes principales, cualificaci\u00f3n, todos los t\u00e9cnicos somos titulados superiores y estabilidad, trabajamos juntos desde hace muchos a\u00f1os. Esta estructura, integrada actualmente por 9 personas, nos permite ofrecer a nuestros clientes, no<\/p>\n","protected":false},"author":1,"featured_media":0,"parent":0,"menu_order":0,"comment_status":"closed","ping_status":"closed","template":"","meta":{"footnotes":""},"class_list":["post-8","page","type-page","status-publish","hentry"],"_links":{"self":[{"href":"https:\/\/www.consultores-europeos.com\/co15\/wp-json\/wp\/v2\/pages\/8","targetHints":{"allow":["GET"]}}],"collection":[{"href":"https:\/\/www.consultores-europeos.com\/co15\/wp-json\/wp\/v2\/pages"}],"about":[{"href":"https:\/\/www.consultores-europeos.com\/co15\/wp-json\/wp\/v2\/types\/page"}],"author":[{"embeddable":true,"href":"https:\/\/www.consultores-europeos.com\/co15\/wp-json\/wp\/v2\/users\/1"}],"replies":[{"embeddable":true,"href":"https:\/\/www.consultores-europeos.com\/co15\/wp-json\/wp\/v2\/comments?post=8"}],"version-history":[{"count":19,"href":"https:\/\/www.consultores-europeos.com\/co15\/wp-json\/wp\/v2\/pages\/8\/revisions"}],"predecessor-version":[{"id":245,"href":"https:\/\/www.consultores-europeos.com\/co15\/wp-json\/wp\/v2\/pages\/8\/revisions\/245"}],"wp:attachment":[{"href":"https:\/\/www.consultores-europeos.com\/co15\/wp-json\/wp\/v2\/media?parent=8"}],"curies":[{"name":"wp","href":"https:\/\/api.w.org\/{rel}","templated":true}]}}